{"id":3355,"date":"2021-03-09T22:31:04","date_gmt":"2021-03-09T22:31:04","guid":{"rendered":"https:\/\/maine-coon-nuernberg.org\/?page_id=3355"},"modified":"2021-03-09T22:37:43","modified_gmt":"2021-03-09T22:37:43","slug":"zuechterpreise","status":"publish","type":"page","link":"https:\/\/maine-coon-nuernberg.org\/index.php\/zuechterpreise\/","title":{"rendered":"Katzenpsychologie"},"content":{"rendered":"<p>[vc_row tlg_enable_overlay=&#8220;yes&#8220; tlg_parallax=&#8220;not-parallax&#8220; tlg_text_align=&#8220;text-center&#8220; tlg_bg_overlay=&#8220;#e5e5e5&#8243; tlg_bg_gradient_color=&#8220;#ffffff&#8220; css=&#8220;.vc_custom_1602335092882{background-image: url(https:\/\/maine-coon-nuernberg.org\/wp-content\/uploads\/2020\/10\/HintergrundBlue-1.jpg?id=2371) !important;background-position: 0 0 !important;background-repeat: repeat !important;}&#8220;][vc_column]<div class=\"tlg-spacer  \" data-height=\"10\" data-height-tablet=\"10\" data-height-mobile=\"10\" style=\"clear:both;display:block;height:10px;\"><\/div>[vc_column_text]<\/p>\n<div class=\"tlg-spacer \" style=\"text-align: left;\" data-height=\"10\" data-height-tablet=\"10\" data-height-mobile=\"10\"><\/div>\n<div class=\"wpb_text_column wpb_content_element \">\n<div class=\"wpb_wrapper\">\n<h4 style=\"text-align: left;\"><strong>Zitat von Birgitta Kuhlmey von der Internetseite:<\/strong><br \/>\n<a href=\"https:\/\/www.katzengenetik.com\">https:\/\/www.katzengenetik.com<\/a><\/h4>\n<p style=\"text-align: left;\">\u201c<em>Kaufen Sie <strong>niemals eine Katze ohne Stammbaum<\/strong>, weil Sie so die unkontrollierte<br \/>\n<\/em><em>Zucht von vereinslosen Z\u00fcchtern und damit die Ausbeutung der wehrlosen Katzen unterst\u00fctzen.\u00a0<\/em><\/p>\n<p style=\"text-align: left;\"><em>Ein Stammbaum ist nicht nur ein Nachweis der Ahnen, sondern auch ein Dokument, das die <strong>Einhaltung der Zuchtrichtlinien<\/strong> der Katzenvereine\/-verb\u00e4nde dokumentiert.<\/em><\/p>\n<p style=\"text-align: left;\"><em>Katzen-Vermehrer \u201cz\u00fcchten\u201d was sie wollen und so oft sie wollen \u2013 <strong>ohne jegliche Kontrolle, <\/strong><\/em><em><strong>ohne irgendwelche Zucht- und Haltungsrichtlinien einhalten zu m\u00fcssen.<br \/>\n<\/strong><\/em><em>Im Allgemeinen lassen solche <strong>Ausbeuter<\/strong>\u00a0VOR Zuchteinsatz <strong>keine Tests<\/strong> auf rassespezifische Krankheiten machen. Sie verramschen die Kitten im Internet <strong>ohne Mikrochip<\/strong>, damit die Katzen sp\u00e4ter bei Nichtgefallen oder Ungelegenheit einfach auf die Strasse gesetzt werden k\u00f6nnen.\u201d<\/em><\/p>\n<h2 style=\"text-align: left;\"><\/h2>\n<h4 style=\"text-align: left;\"><strong>In unseren Catterys werden nur Katzen\/Kittern vermittelt unter folgenden Bedingungen:<\/strong><\/h4>\n<p style=\"text-align: left;\">\u2013 Vertraglich zugesicherte Reinrassigkeit, mit Ahnentafel und nat\u00fcrlich einem Mikrochip f\u00fcr jede Katze (entspricht ca. einem Personalausweis).<br \/>\n\u2013 Gesundheitsuntersuchungen aller Zuchttiere ist Grundvoraussetzung.<br \/>\n\u2013 Nur charakterlich einwandfreie Tiere kommen als Zuchttiere in Frage.<br \/>\n\u2013 Alle Auflagen vom Zuchtverein und Tierschutzgesetzt m\u00fcssen nat\u00fcrlich erf\u00fcllt sein.<br \/>\n\u2013 Allen Katzen geht es gut bei uns. Dass ist u.a. daran zu erkennen, dass alle unsere Katzen freundlich, offen und handzahm sind. An der katzenfreundlichen M\u00f6blierun unseres Zuhauses. Und sie sagen \u201eFremden\u201c gern kurz \u201eHallo\u201c, merkt man gleich, wenn man zu Besuch bei uns ist.<\/p>\n<\/div>\n<\/div>\n<p>&nbsp;<\/p>\n<p>&nbsp;<\/p>\n<p>[\/vc_column_text][\/vc_column][\/vc_row][vc_row][vc_column][\/vc_column][\/vc_row]<\/p>\n","protected":false},"excerpt":{"rendered":"<p>[vc_row tlg_enable_overlay=&#8220;yes&#8220; tlg_parallax=&#8220;not-parallax&#8220; tlg_text_align=&#8220;text-center&#8220; tlg_bg_overlay=&#8220;#e5e5e5&#8243; tlg_bg_gradient_color=&#8220;#ffffff&#8220; css=&#8220;.vc_custom_1602335092882{background-image: url(https:\/\/maine-coon-nuernberg.org\/wp-content\/uploads\/2020\/10\/HintergrundBlue-1.jpg?id=2371) !important;background-position: 0 0 !important;background-repeat: repeat !important;}&#8220;][vc_column][vc_column_text] Zitat von Birgitta Kuhlmey von der Internetseite: https:\/\/www.katzengenetik.com \u201cKaufen Sie niemals eine Katze ohne Stammbaum, weil Sie so die unkontrollierte Zucht von vereinslosen Z\u00fcchtern und damit die Ausbeutung der wehrlosen Katzen unterst\u00fctzen.\u00a0 Ein Stammbaum ist nicht nur ein Nachweis der Ahnen,&#8230;<\/p>\n","protected":false},"author":1,"featured_media":0,"parent":0,"menu_order":35,"comment_status":"closed","ping_status":"closed","template":"","meta":[],"_links":{"self":[{"href":"https:\/\/maine-coon-nuernberg.org\/index.php\/wp-json\/wp\/v2\/pages\/3355"}],"collection":[{"href":"https:\/\/maine-coon-nuernberg.org\/index.php\/wp-json\/wp\/v2\/pages"}],"about":[{"href":"https:\/\/maine-coon-nuernberg.org\/index.php\/wp-json\/wp\/v2\/types\/page"}],"author":[{"embeddable":true,"href":"https:\/\/maine-coon-nuernberg.org\/index.php\/wp-json\/wp\/v2\/users\/1"}],"replies":[{"embeddable":true,"href":"https:\/\/maine-coon-nuernberg.org\/index.php\/wp-json\/wp\/v2\/comments?post=3355"}],"version-history":[{"count":13,"href":"https:\/\/maine-coon-nuernberg.org\/index.php\/wp-json\/wp\/v2\/pages\/3355\/revisions"}],"predecessor-version":[{"id":3369,"href":"https:\/\/maine-coon-nuernberg.org\/index.php\/wp-json\/wp\/v2\/pages\/3355\/revisions\/3369"}],"wp:attachment":[{"href":"https:\/\/maine-coon-nuernberg.org\/index.php\/wp-json\/wp\/v2\/media?parent=3355"}],"curies":[{"name":"wp","href":"https:\/\/api.w.org\/{rel}","templated":true}]}}